{"id":3885,"date":"2023-02-26T09:20:20","date_gmt":"2023-02-26T09:20:20","guid":{"rendered":"https:\/\/bitoviaggi.com\/all-itineraries\/full-day-excursion-grotte-di-toirano-albenga-and-alassio\/"},"modified":"2023-06-05T12:25:27","modified_gmt":"2023-06-05T12:25:27","slug":"full-day-excursion-grotte-di-toirano-albenga-and-alassio","status":"publish","type":"page","link":"https:\/\/bitoviaggi.com\/de\/all-itineraries\/full-day-excursion-grotte-di-toirano-albenga-and-alassio\/","title":{"rendered":"Ganzt\u00e4giger Ausflug Grotte di Toirano, Albenga und Alassio"},"content":{"rendered":"<p><div class=\"fusion-fullwidth fullwidth-box fusion-builder-row-1 fusion-flex-container has-pattern-background has-mask-background nonhundred-percent-fullwidth non-hundred-percent-height-scrolling\" style=\"--awb-border-radius-top-left:0px;--awb-border-radius-top-right:0px;--awb-border-radius-bottom-right:0px;--awb-border-radius-bottom-left:0px;--awb-background-color: rgba(255,255,255,0);\" ><div class=\"fusion-builder-row fusion-row fusion-flex-align-items-flex-start fusion-flex-justify-content-center\" style=\"max-width:1414.4px;margin-left: calc(-4% \/ 2 );margin-right: calc(-4% \/ 2 );\"><div class=\"fusion-layout-column fusion_builder_column fusion-builder-column-0 fusion_builder_column_1_1 1_1 fusion-flex-column fusion-flex-align-self-center\" style=\"--awb-overflow:hidden;--awb-bg-size:cover;--awb-border-radius:12px 12px 12px 12px;--awb-width-large:100%;--awb-spacing-right-large:1.92%;--awb-margin-bottom-large:64px;--awb-spacing-left-large:1.92%;--awb-width-medium:100%;--awb-order-medium:0;--awb-spacing-right-medium:1.92%;--awb-spacing-left-medium:1.92%;--awb-width-small:100%;--awb-order-small:0;--awb-spacing-right-small:1.92%;--awb-spacing-left-small:1.92%;\"><div class=\"fusion-column-wrapper fusion-column-has-shadow fusion-flex-justify-content-center fusion-content-layout-row fusion-flex-align-items-center\"><div class=\"fusion-image-element \" style=\"text-align:center;\"><span class=\" fusion-imageframe imageframe-none imageframe-1 hover-type-none\" style=\"border-radius:16px;\"><img decoding=\"async\" width=\"1024\" height=\"683\" title=\"liguria-albenga-2\" src=\"https:\/\/bitoviaggi.com\/wp-content\/uploads\/2023\/04\/liguria-albenga-2.jpg\" data-orig-src=\"http:\/\/bitoviaggi.com\/wp-content\/uploads\/2023\/04\/liguria-albenga-2.jpg\" alt class=\"lazyload img-responsive wp-image-3531\" srcset=\"data:image\/svg+xml,%3Csvg%20xmlns%3D%27http%3A%2F%2Fwww.w3.org%2F2000%2Fsvg%27%20width%3D%271024%27%20height%3D%27683%27%20viewBox%3D%270%200%201024%20683%27%3E%3Crect%20width%3D%271024%27%20height%3D%27683%27%20fill-opacity%3D%220%22%2F%3E%3C%2Fsvg%3E\" data-srcset=\"https:\/\/bitoviaggi.com\/wp-content\/uploads\/2023\/04\/liguria-albenga-2-200x133.jpg 200w, https:\/\/bitoviaggi.com\/wp-content\/uploads\/2023\/04\/liguria-albenga-2-400x267.jpg 400w, https:\/\/bitoviaggi.com\/wp-content\/uploads\/2023\/04\/liguria-albenga-2-600x400.jpg 600w, https:\/\/bitoviaggi.com\/wp-content\/uploads\/2023\/04\/liguria-albenga-2-800x534.jpg 800w, https:\/\/bitoviaggi.com\/wp-content\/uploads\/2023\/04\/liguria-albenga-2.jpg 1024w\" data-sizes=\"auto\" data-orig-sizes=\"(max-width: 800px) 100vw, 1024px\" \/><\/span><\/div><\/div><\/div><\/div><\/div><div class=\"fusion-fullwidth fullwidth-box fusion-builder-row-2 fusion-flex-container has-pattern-background has-mask-background nonhundred-percent-fullwidth non-hundred-percent-height-scrolling\" style=\"--awb-border-radius-top-left:0px;--awb-border-radius-top-right:0px;--awb-border-radius-bottom-right:0px;--awb-border-radius-bottom-left:0px;\" ><div class=\"fusion-builder-row fusion-row fusion-flex-align-items-flex-start fusion-flex-justify-content-center\" style=\"max-width:1414.4px;margin-left: calc(-4% \/ 2 );margin-right: calc(-4% \/ 2 );\"><div class=\"fusion-layout-column fusion_builder_column fusion-builder-column-1 fusion_builder_column_1_1 1_1 fusion-flex-column\" style=\"--awb-padding-top:40px;--awb-padding-right:80px;--awb-padding-left:80px;--awb-overflow:hidden;--awb-bg-color:hsla(var(--awb-custom_color_2-h),var(--awb-custom_color_2-s),var(--awb-custom_color_2-l),calc(var(--awb-custom_color_2-a) - 90%));--awb-bg-size:cover;--awb-border-radius:16px 16px 0px 0px;--awb-width-large:100%;--awb-spacing-right-large:1.92%;--awb-margin-bottom-large:0px;--awb-spacing-left-large:1.92%;--awb-width-medium:100%;--awb-order-medium:0;--awb-spacing-right-medium:1.92%;--awb-spacing-left-medium:1.92%;--awb-width-small:100%;--awb-order-small:0;--awb-spacing-right-small:1.92%;--awb-spacing-left-small:1.92%;\"><div class=\"fusion-column-wrapper fusion-column-has-shadow fusion-flex-justify-content-flex-start fusion-content-layout-column\"><div class=\"fusion-text fusion-text-1 fusion-text-no-margin\" style=\"--awb-content-alignment:left;--awb-font-size:20px;--awb-text-color:var(--awb-color8);--awb-margin-bottom:48px;\"><p>Abfahrt nach Toirano im Hinterland zwischen Albenga und Finale Ligure. Besuch der Grotten. Anschlie\u00dfend M\u00f6glichkeit zum Besuch des historischen Zentrums des mittelalterlichen Dorfes Toirano und des Ethnographischen Museums. M\u00f6glichkeit zum Mittagessen in Toirano oder Albenga. Am Nachmittag Besuch des historischen Zentrums von Albenga, einer mittelalterlichen Stadt aus dem 16. Jahrhundert. Das Baptisterium, die alten T\u00fcrme und die antiken Mauern zeugen noch heute von den Urspr\u00fcngen des Ortes als K\u00fcstenstadt. Besichtigung des Baptisteriums (auf Anfrage) aus sp\u00e4tr\u00f6mischer Zeit. Es besteht auch die M\u00f6glichkeit, das Schifffahrtsmuseum und den k\u00fcrzlich restaurierten Stadtturm zu besichtigen (auf Anfrage). Anschlie\u00dfend Weiterfahrt nach Alassio mit freier Zeit zur Besichtigung des ber\u00fchmten &#8222;Muretto&#8220; und Spaziergang entlang des &#8222;Budello&#8220; und der Strandpromenade.<\/p>\n<\/div><div class=\"fusion-separator fusion-full-width-sep\" style=\"align-self: center;margin-left: auto;margin-right: auto;width:100%;\"><div class=\"fusion-separator-border sep-single sep-dashed\" style=\"border-color:var(--awb-color3);border-top-width:1px;\"><\/div><\/div><\/div><\/div><\/div><\/div><div class=\"fusion-fullwidth fullwidth-box fusion-builder-row-3 fusion-flex-container has-pattern-background has-mask-background nonhundred-percent-fullwidth non-hundred-percent-height-scrolling\" style=\"--awb-border-radius-top-left:0px;--awb-border-radius-top-right:0px;--awb-border-radius-bottom-right:0px;--awb-border-radius-bottom-left:0px;--awb-margin-top:100px;\" ><div class=\"fusion-builder-row fusion-row fusion-flex-align-items-flex-start fusion-flex-justify-content-center\" style=\"max-width:1414.4px;margin-left: calc(-4% \/ 2 );margin-right: calc(-4% \/ 2 );\"><div class=\"fusion-layout-column fusion_builder_column fusion-builder-column-2 fusion_builder_column_1_1 1_1 fusion-flex-column\" style=\"--awb-bg-size:cover;--awb-width-large:100%;--awb-spacing-right-large:1.92%;--awb-margin-bottom-large:0px;--awb-spacing-left-large:1.92%;--awb-width-medium:100%;--awb-order-medium:0;--awb-spacing-right-medium:1.92%;--awb-spacing-left-medium:1.92%;--awb-width-small:100%;--awb-order-small:0;--awb-spacing-right-small:1.92%;--awb-spacing-left-small:1.92%;\"><div class=\"fusion-column-wrapper fusion-column-has-shadow fusion-flex-justify-content-flex-start fusion-content-layout-column\"><div style=\"text-align:center;\"><a class=\"fusion-button button-flat fusion-button-default-size button-custom fusion-button-default button-1 fusion-button-default-span fusion-button-default-type\" style=\"--button_accent_color:hsla(calc(var(--awb-color4-h) + 46),var(--awb-color4-s),calc(var(--awb-color4-l) - 18%),var(--awb-color4-a));--button_border_color:var(--awb-color4);--button_accent_hover_color:hsla(calc(var(--awb-color4-h) + 46),var(--awb-color4-s),calc(var(--awb-color4-l) - 18%),var(--awb-color4-a));--button_border_hover_color:var(--awb-color4);--button_gradient_top_color:hsla(calc(var(--awb-color4-h) + 46),var(--awb-color4-s),calc(var(--awb-color4-l) - 18%),calc(var(--awb-color4-a) - 85%));--button_gradient_bottom_color:hsla(calc(var(--awb-color4-h) + 46),var(--awb-color4-s),calc(var(--awb-color4-l) - 18%),calc(var(--awb-color4-a) - 85%));--button_gradient_top_color_hover:hsla(calc(var(--awb-color4-h) + 46),var(--awb-color4-s),calc(var(--awb-color4-l) - 18%),calc(var(--awb-color4-a) - 85%));--button_gradient_bottom_color_hover:hsla(calc(var(--awb-color4-h) + 46),var(--awb-color4-s),calc(var(--awb-color4-l) - 18%),calc(var(--awb-color4-a) - 85%));--button_text_transform:var(--awb-typography5-text-transform);--button_font_size:var(--awb-typography5-font-size);--button_line_height:var(--awb-typography5-line-height);--button_padding-top:8px;--button_padding-right:20px;--button_padding-bottom:8px;--button_padding-left:20px;--button_typography-letter-spacing:var(--awb-typography5-letter-spacing);--button_typography-font-family:var(--awb-typography5-font-family);--button_typography-font-weight:var(--awb-typography5-font-weight);--button_typography-font-style:var(--awb-typography5-font-style);\" target=\"_self\"><span class=\"fusion-button-text\">Tours &amp; Holidays-Spezialisten<\/span><\/a><\/div><div class=\"fusion-title title fusion-title-1 fusion-sep-none fusion-title-center fusion-title-text fusion-title-size-two\" style=\"--awb-margin-top:25px;--awb-margin-bottom:70px;--awb-margin-top-small:30px;--awb-margin-bottom-small:60px;\"><h2 class=\"title-heading-center\" style=\"margin:0;\">sehenswerte Orte<\/h2><\/div><\/div><\/div><div class=\"fusion-layout-column fusion_builder_column fusion-builder-column-3 fusion_builder_column_1_2 1_2 fusion-flex-column\" style=\"--awb-bg-size:cover;--awb-width-large:50%;--awb-spacing-right-large:3.84%;--awb-margin-bottom-large:60px;--awb-spacing-left-large:3.84%;--awb-width-medium:50%;--awb-order-medium:0;--awb-spacing-right-medium:3.84%;--awb-spacing-left-medium:3.84%;--awb-width-small:100%;--awb-order-small:0;--awb-spacing-right-small:1.92%;--awb-spacing-left-small:1.92%;\"><div class=\"fusion-column-wrapper fusion-column-has-shadow fusion-flex-justify-content-flex-start fusion-content-layout-column\"><div class=\"fusion-builder-row fusion-builder-row-inner fusion-row fusion-flex-align-items-flex-start fusion-flex-justify-content-center\" style=\"width:104% !important;max-width:104% !important;margin-left: calc(-4% \/ 2 );margin-right: calc(-4% \/ 2 );\"><div class=\"fusion-layout-column fusion_builder_column_inner fusion-builder-nested-column-0 fusion_builder_column_inner_2_5 2_5 fusion-flex-column\" style=\"--awb-bg-size:cover;--awb-transform:translateY(0px);--awb-transform-hover:translateY(5px);--awb-width-large:40%;--awb-spacing-right-large:4.8%;--awb-margin-bottom-large:0px;--awb-spacing-left-large:4.8%;--awb-width-medium:40%;--awb-order-medium:0;--awb-spacing-right-medium:4.8%;--awb-spacing-left-medium:4.8%;--awb-width-small:100%;--awb-order-small:0;--awb-spacing-right-small:1.92%;--awb-spacing-left-small:1.92%;\"><div class=\"fusion-column-wrapper fusion-column-has-shadow fusion-flex-justify-content-flex-start fusion-content-layout-column\"><div class=\"fusion-image-element \"><span class=\" fusion-imageframe imageframe-none imageframe-2 hover-type-none\" style=\"border-radius:12px;\"><img decoding=\"async\" width=\"1600\" height=\"1063\" title=\"Grotte-di-toirano\" src=\"https:\/\/bitoviaggi.com\/wp-content\/uploads\/2023\/02\/Grotte-di-toirano.webp\" data-orig-src=\"http:\/\/bitoviaggi.com\/wp-content\/uploads\/2023\/02\/Grotte-di-toirano.webp\" alt class=\"lazyload img-responsive wp-image-2879\" srcset=\"data:image\/svg+xml,%3Csvg%20xmlns%3D%27http%3A%2F%2Fwww.w3.org%2F2000%2Fsvg%27%20width%3D%271600%27%20height%3D%271063%27%20viewBox%3D%270%200%201600%201063%27%3E%3Crect%20width%3D%271600%27%20height%3D%271063%27%20fill-opacity%3D%220%22%2F%3E%3C%2Fsvg%3E\" data-srcset=\"https:\/\/bitoviaggi.com\/wp-content\/uploads\/2023\/02\/Grotte-di-toirano-200x133.webp 200w, https:\/\/bitoviaggi.com\/wp-content\/uploads\/2023\/02\/Grotte-di-toirano-300x199.webp 300w, https:\/\/bitoviaggi.com\/wp-content\/uploads\/2023\/02\/Grotte-di-toirano-400x266.webp 400w, https:\/\/bitoviaggi.com\/wp-content\/uploads\/2023\/02\/Grotte-di-toirano-500x332.webp 500w, https:\/\/bitoviaggi.com\/wp-content\/uploads\/2023\/02\/Grotte-di-toirano-600x399.webp 600w, https:\/\/bitoviaggi.com\/wp-content\/uploads\/2023\/02\/Grotte-di-toirano-700x465.webp 700w, https:\/\/bitoviaggi.com\/wp-content\/uploads\/2023\/02\/Grotte-di-toirano-768x510.webp 768w, https:\/\/bitoviaggi.com\/wp-content\/uploads\/2023\/02\/Grotte-di-toirano-800x532.webp 800w, https:\/\/bitoviaggi.com\/wp-content\/uploads\/2023\/02\/Grotte-di-toirano-1024x680.webp 1024w, https:\/\/bitoviaggi.com\/wp-content\/uploads\/2023\/02\/Grotte-di-toirano-1200x797.webp 1200w, https:\/\/bitoviaggi.com\/wp-content\/uploads\/2023\/02\/Grotte-di-toirano-1536x1020.webp 1536w, https:\/\/bitoviaggi.com\/wp-content\/uploads\/2023\/02\/Grotte-di-toirano.webp 1600w\" data-sizes=\"auto\" data-orig-sizes=\"(max-width: 800px) 100vw, 600px\" \/><\/span><\/div><\/div><\/div><div class=\"fusion-layout-column fusion_builder_column_inner fusion-builder-nested-column-1 fusion_builder_column_inner_3_5 3_5 fusion-flex-column fusion-flex-align-self-center\" style=\"--awb-padding-right:30px;--awb-padding-left:15px;--awb-bg-size:cover;--awb-width-large:60%;--awb-spacing-right-large:3.2%;--awb-margin-bottom-large:0px;--awb-spacing-left-large:3.2%;--awb-width-medium:60%;--awb-order-medium:0;--awb-spacing-right-medium:3.2%;--awb-spacing-left-medium:3.2%;--awb-width-small:100%;--awb-order-small:0;--awb-spacing-right-small:1.92%;--awb-spacing-left-small:1.92%;\"><div class=\"fusion-column-wrapper fusion-column-has-shadow fusion-flex-justify-content-flex-start fusion-content-layout-column\"><div class=\"fusion-title title fusion-title-2 fusion-sep-none fusion-title-text fusion-title-size-four\" style=\"--awb-margin-top:0px;--awb-margin-bottom:2px;--awb-margin-top-small:30px;\"><h4 class=\"title-heading-left\" style=\"margin:0;\">Die H\u00f6hlen von Toirano<\/h4><\/div><div class=\"fusion-text fusion-text-2 fusion-text-no-margin\" style=\"--awb-margin-bottom:0px;\"><p>Sie befinden sich in Toirano, im Hinterland zwischen Alberga und Finale Ligure. Der 1953 er\u00f6ffnete Komplex ist eine der Hauptattraktionen im Hinterland der westlichen ligurischen Riviera und wird j\u00e4hrlich von mehr als 110.000 Menschen besucht. Nach dem Besuch ist es m\u00f6glich, das historische Zentrum von Albenga und\/oder Alassio zu besichtigen.<\/p>\n<\/div><\/div><\/div><\/div><\/div><\/div><div class=\"fusion-layout-column fusion_builder_column fusion-builder-column-4 fusion_builder_column_1_2 1_2 fusion-flex-column\" style=\"--awb-bg-size:cover;--awb-width-large:50%;--awb-spacing-right-large:3.84%;--awb-margin-bottom-large:60px;--awb-spacing-left-large:3.84%;--awb-width-medium:50%;--awb-order-medium:0;--awb-spacing-right-medium:3.84%;--awb-spacing-left-medium:3.84%;--awb-width-small:100%;--awb-order-small:0;--awb-spacing-right-small:1.92%;--awb-spacing-left-small:1.92%;\"><div class=\"fusion-column-wrapper fusion-column-has-shadow fusion-flex-justify-content-flex-start fusion-content-layout-column\"><div class=\"fusion-builder-row fusion-builder-row-inner fusion-row fusion-flex-align-items-flex-start fusion-flex-justify-content-center\" style=\"width:104% !important;max-width:104% !important;margin-left: calc(-4% \/ 2 );margin-right: calc(-4% \/ 2 );\"><div class=\"fusion-layout-column fusion_builder_column_inner fusion-builder-nested-column-2 fusion_builder_column_inner_2_5 2_5 fusion-flex-column\" style=\"--awb-bg-size:cover;--awb-transform:translateY(0px);--awb-transform-hover:translateY(5px);--awb-width-large:40%;--awb-spacing-right-large:4.8%;--awb-margin-bottom-large:0px;--awb-spacing-left-large:4.8%;--awb-width-medium:40%;--awb-order-medium:0;--awb-spacing-right-medium:4.8%;--awb-spacing-left-medium:4.8%;--awb-width-small:100%;--awb-order-small:0;--awb-spacing-right-small:1.92%;--awb-spacing-left-small:1.92%;\"><div class=\"fusion-column-wrapper fusion-column-has-shadow fusion-flex-justify-content-flex-start fusion-content-layout-column\"><div class=\"fusion-image-element \"><span class=\" fusion-imageframe imageframe-none imageframe-3 hover-type-none\" style=\"border-radius:12px;\"><img decoding=\"async\" width=\"1024\" height=\"797\" title=\"Liguria-albenga-3\" src=\"https:\/\/bitoviaggi.com\/wp-content\/uploads\/2023\/04\/Liguria-albenga-3.jpg\" data-orig-src=\"http:\/\/bitoviaggi.com\/wp-content\/uploads\/2023\/04\/Liguria-albenga-3.jpg\" alt class=\"lazyload img-responsive wp-image-3709\" srcset=\"data:image\/svg+xml,%3Csvg%20xmlns%3D%27http%3A%2F%2Fwww.w3.org%2F2000%2Fsvg%27%20width%3D%271024%27%20height%3D%27797%27%20viewBox%3D%270%200%201024%20797%27%3E%3Crect%20width%3D%271024%27%20height%3D%27797%27%20fill-opacity%3D%220%22%2F%3E%3C%2Fsvg%3E\" data-srcset=\"https:\/\/bitoviaggi.com\/wp-content\/uploads\/2023\/04\/Liguria-albenga-3-200x156.jpg 200w, https:\/\/bitoviaggi.com\/wp-content\/uploads\/2023\/04\/Liguria-albenga-3-400x311.jpg 400w, https:\/\/bitoviaggi.com\/wp-content\/uploads\/2023\/04\/Liguria-albenga-3-600x467.jpg 600w, https:\/\/bitoviaggi.com\/wp-content\/uploads\/2023\/04\/Liguria-albenga-3-800x623.jpg 800w, https:\/\/bitoviaggi.com\/wp-content\/uploads\/2023\/04\/Liguria-albenga-3.jpg 1024w\" data-sizes=\"auto\" data-orig-sizes=\"(max-width: 800px) 100vw, 600px\" \/><\/span><\/div><\/div><\/div><div class=\"fusion-layout-column fusion_builder_column_inner fusion-builder-nested-column-3 fusion_builder_column_inner_3_5 3_5 fusion-flex-column fusion-flex-align-self-center\" style=\"--awb-padding-right:30px;--awb-padding-left:15px;--awb-bg-size:cover;--awb-width-large:60%;--awb-spacing-right-large:3.2%;--awb-margin-bottom-large:0px;--awb-spacing-left-large:3.2%;--awb-width-medium:60%;--awb-order-medium:0;--awb-spacing-right-medium:3.2%;--awb-spacing-left-medium:3.2%;--awb-width-small:100%;--awb-order-small:0;--awb-spacing-right-small:1.92%;--awb-spacing-left-small:1.92%;\"><div class=\"fusion-column-wrapper fusion-column-has-shadow fusion-flex-justify-content-flex-start fusion-content-layout-column\"><div class=\"fusion-title title fusion-title-3 fusion-sep-none fusion-title-text fusion-title-size-four\" style=\"--awb-margin-top:0px;--awb-margin-bottom:2px;--awb-margin-top-small:30px;\"><h4 class=\"title-heading-left\" style=\"margin:0;\">Albenga<\/h4><\/div><div class=\"fusion-text fusion-text-3 fusion-text-no-margin\" style=\"--awb-margin-bottom:0px;\"><p>Der Markt Cours Saleya in Nizza befindet sich im Herzen der Altstadt und ist immer voller Leben.<\/p>\n<\/div><\/div><\/div><\/div><\/div><\/div><div class=\"fusion-layout-column fusion_builder_column fusion-builder-column-5 fusion_builder_column_1_2 1_2 fusion-flex-column\" style=\"--awb-bg-size:cover;--awb-width-large:50%;--awb-spacing-right-large:3.84%;--awb-margin-bottom-large:60px;--awb-spacing-left-large:3.84%;--awb-width-medium:50%;--awb-order-medium:0;--awb-spacing-right-medium:3.84%;--awb-spacing-left-medium:3.84%;--awb-width-small:100%;--awb-order-small:0;--awb-spacing-right-small:1.92%;--awb-spacing-left-small:1.92%;\"><div class=\"fusion-column-wrapper fusion-column-has-shadow fusion-flex-justify-content-flex-start fusion-content-layout-column\"><div class=\"fusion-builder-row fusion-builder-row-inner fusion-row fusion-flex-align-items-flex-start fusion-flex-justify-content-center\" style=\"width:104% !important;max-width:104% !important;margin-left: calc(-4% \/ 2 );margin-right: calc(-4% \/ 2 );\"><div class=\"fusion-layout-column fusion_builder_column_inner fusion-builder-nested-column-4 fusion_builder_column_inner_2_5 2_5 fusion-flex-column\" style=\"--awb-bg-size:cover;--awb-transform:translateY(0px);--awb-transform-hover:translateY(5px);--awb-width-large:40%;--awb-spacing-right-large:4.8%;--awb-margin-bottom-large:0px;--awb-spacing-left-large:4.8%;--awb-width-medium:40%;--awb-order-medium:0;--awb-spacing-right-medium:4.8%;--awb-spacing-left-medium:4.8%;--awb-width-small:100%;--awb-order-small:0;--awb-spacing-right-small:1.92%;--awb-spacing-left-small:1.92%;\"><div class=\"fusion-column-wrapper fusion-column-has-shadow fusion-flex-justify-content-flex-start fusion-content-layout-column\"><div class=\"fusion-image-element \"><span class=\" fusion-imageframe imageframe-none imageframe-4 hover-type-none\" style=\"border-radius:12px;\"><img decoding=\"async\" width=\"795\" height=\"531\" title=\"Alassio 1\" src=\"https:\/\/bitoviaggi.com\/wp-content\/uploads\/2023\/02\/Alassio-1.webp\" data-orig-src=\"http:\/\/bitoviaggi.com\/wp-content\/uploads\/2023\/02\/Alassio-1.webp\" alt class=\"lazyload img-responsive wp-image-2856\" srcset=\"data:image\/svg+xml,%3Csvg%20xmlns%3D%27http%3A%2F%2Fwww.w3.org%2F2000%2Fsvg%27%20width%3D%27795%27%20height%3D%27531%27%20viewBox%3D%270%200%20795%20531%27%3E%3Crect%20width%3D%27795%27%20height%3D%27531%27%20fill-opacity%3D%220%22%2F%3E%3C%2Fsvg%3E\" data-srcset=\"https:\/\/bitoviaggi.com\/wp-content\/uploads\/2023\/02\/Alassio-1-200x134.webp 200w, https:\/\/bitoviaggi.com\/wp-content\/uploads\/2023\/02\/Alassio-1-300x200.webp 300w, https:\/\/bitoviaggi.com\/wp-content\/uploads\/2023\/02\/Alassio-1-400x267.webp 400w, https:\/\/bitoviaggi.com\/wp-content\/uploads\/2023\/02\/Alassio-1-500x334.webp 500w, https:\/\/bitoviaggi.com\/wp-content\/uploads\/2023\/02\/Alassio-1-600x401.webp 600w, https:\/\/bitoviaggi.com\/wp-content\/uploads\/2023\/02\/Alassio-1-700x468.webp 700w, https:\/\/bitoviaggi.com\/wp-content\/uploads\/2023\/02\/Alassio-1-768x513.webp 768w, https:\/\/bitoviaggi.com\/wp-content\/uploads\/2023\/02\/Alassio-1.webp 795w\" data-sizes=\"auto\" data-orig-sizes=\"(max-width: 800px) 100vw, 600px\" \/><\/span><\/div><\/div><\/div><div class=\"fusion-layout-column fusion_builder_column_inner fusion-builder-nested-column-5 fusion_builder_column_inner_3_5 3_5 fusion-flex-column fusion-flex-align-self-center\" style=\"--awb-padding-right:30px;--awb-padding-left:15px;--awb-bg-size:cover;--awb-width-large:60%;--awb-spacing-right-large:3.2%;--awb-margin-bottom-large:0px;--awb-spacing-left-large:3.2%;--awb-width-medium:60%;--awb-order-medium:0;--awb-spacing-right-medium:3.2%;--awb-spacing-left-medium:3.2%;--awb-width-small:100%;--awb-order-small:0;--awb-spacing-right-small:1.92%;--awb-spacing-left-small:1.92%;\"><div class=\"fusion-column-wrapper fusion-column-has-shadow fusion-flex-justify-content-flex-start fusion-content-layout-column\"><div class=\"fusion-title title fusion-title-4 fusion-sep-none fusion-title-text fusion-title-size-four\" style=\"--awb-margin-top:0px;--awb-margin-bottom:2px;--awb-margin-top-small:30px;\"><h4 class=\"title-heading-left\" style=\"margin:0;\"><span style=\"font-weight: 400;\">Alassio<\/span><\/h4><\/div><div class=\"fusion-text fusion-text-4 fusion-text-no-margin\" style=\"--awb-margin-bottom:0px;\"><p>In Eze-Village stellt Fragonard auch weiterhin feste Parf\u00fcms her, die als &#8222;Concretes&#8220; oder &#8222;Pomades&#8220; bekannt sind.<\/p>\n<\/div><\/div><\/div><\/div><\/div><\/div><\/div><\/div><div class=\"fusion-fullwidth fullwidth-box fusion-builder-row-4 fusion-flex-container has-pattern-background has-mask-background nonhundred-percent-fullwidth non-hundred-percent-height-scrolling\" style=\"--link_hover_color: var(--awb-color4);--link_color: var(--awb-color1);--awb-border-radius-top-left:0px;--awb-border-radius-top-right:0px;--awb-border-radius-bottom-right:0px;--awb-border-radius-bottom-left:0px;--awb-margin-top:100px;\" ><div class=\"fusion-builder-row fusion-row fusion-flex-align-items-flex-start fusion-flex-justify-content-center\" style=\"max-width:1414.4px;margin-left: calc(-4% \/ 2 );margin-right: calc(-4% \/ 2 );\"><div class=\"fusion-layout-column fusion_builder_column fusion-builder-column-6 fusion_builder_column_5_6 5_6 fusion-flex-column\" style=\"--awb-padding-top:60px;--awb-padding-right:40px;--awb-padding-bottom:80px;--awb-padding-left:40px;--awb-padding-right-small:40px;--awb-padding-left-small:40px;--awb-overflow:hidden;--awb-bg-color:hsla(calc(var(--awb-custom_color_1-h) - 2),calc(var(--awb-custom_color_1-s) - 20%),calc(var(--awb-custom_color_1-l) + 5%),var(--awb-custom_color_1-a));--awb-bg-size:cover;--awb-box-shadow:0px 5px 20px 5px hsla(var(--awb-color8-h),var(--awb-color8-s),var(--awb-color8-l),calc(var(--awb-color8-a) - 75%));;--awb-border-radius:12px 12px 12px 12px;--awb-width-large:83.333333333333%;--awb-margin-top-large:-60px;--awb-spacing-right-large:2.304%;--awb-margin-bottom-large:0px;--awb-spacing-left-large:2.304%;--awb-width-medium:83.333333333333%;--awb-order-medium:0;--awb-spacing-right-medium:2.304%;--awb-spacing-left-medium:2.304%;--awb-width-small:100%;--awb-order-small:0;--awb-spacing-right-small:1.92%;--awb-spacing-left-small:1.92%;\"><div class=\"fusion-column-wrapper lazyload fusion-column-has-shadow fusion-flex-justify-content-flex-start fusion-content-layout-column\" data-bg-url=\"http:\/\/bitoviaggi.com\/wp-content\/uploads\/2022\/06\/call-experts-bg-3.png\" data-bg=\"http:\/\/bitoviaggi.com\/wp-content\/uploads\/2022\/06\/call-experts-bg-3.png\"><div class=\"fusion-text fusion-text-5 fusion-text-no-margin\" style=\"--awb-content-alignment:center;--awb-font-size:38px;--awb-line-height:1.4;--awb-text-transform:capitalize;--awb-text-color:var(--awb-color1);--awb-margin-bottom:5px;\"><p>M\u00f6chten Sie Eine Tour Bei Uns Buchen?<\/p>\n<\/div><div class=\"fusion-title title fusion-title-5 fusion-sep-none fusion-title-center fusion-title-text fusion-title-size-three\" style=\"--awb-text-color:var(--awb-color1);\"><h3 class=\"title-heading-center\" style=\"margin:0;\"><span style=\"font-weight: 400;\">(+39) 0184 448294 <\/span> or <u><a href=\"https:\/\/bitoviaggi.com\/de\/contact\/\">Kontakt aufnehmen<\/a><\/u><\/p>\n<div id=\"gtx-trans\" style=\"position: absolute; left: 160px; top: 36.9896px;\">\n<div class=\"gtx-trans-icon\"><\/div>\n<\/div><\/h3><\/div><\/div><\/div><\/div><\/div><\/p>\n","protected":false},"excerpt":{"rendered":"","protected":false},"author":1,"featured_media":0,"parent":3871,"menu_order":0,"comment_status":"closed","ping_status":"closed","template":"100-width.php","meta":[],"_links":{"self":[{"href":"https:\/\/bitoviaggi.com\/de\/wp-json\/wp\/v2\/pages\/3885"}],"collection":[{"href":"https:\/\/bitoviaggi.com\/de\/wp-json\/wp\/v2\/pages"}],"about":[{"href":"https:\/\/bitoviaggi.com\/de\/wp-json\/wp\/v2\/types\/page"}],"author":[{"embeddable":true,"href":"https:\/\/bitoviaggi.com\/de\/wp-json\/wp\/v2\/users\/1"}],"replies":[{"embeddable":true,"href":"https:\/\/bitoviaggi.com\/de\/wp-json\/wp\/v2\/comments?post=3885"}],"version-history":[{"count":3,"href":"https:\/\/bitoviaggi.com\/de\/wp-json\/wp\/v2\/pages\/3885\/revisions"}],"predecessor-version":[{"id":4220,"href":"https:\/\/bitoviaggi.com\/de\/wp-json\/wp\/v2\/pages\/3885\/revisions\/4220"}],"up":[{"embeddable":true,"href":"https:\/\/bitoviaggi.com\/de\/wp-json\/wp\/v2\/pages\/3871"}],"wp:attachment":[{"href":"https:\/\/bitoviaggi.com\/de\/wp-json\/wp\/v2\/media?parent=3885"}],"curies":[{"name":"wp","href":"https:\/\/api.w.org\/{rel}","templated":true}]}}