{"id":2964,"date":"2023-02-14T09:55:46","date_gmt":"2023-02-14T09:55:46","guid":{"rendered":"https:\/\/bitoviaggi.com\/all-itineraries\/full-day-trip-saint-tropez-and-port-grimaud\/"},"modified":"2023-06-05T12:04:00","modified_gmt":"2023-06-05T12:04:00","slug":"full-day-trip-saint-tropez-and-port-grimaud","status":"publish","type":"page","link":"https:\/\/bitoviaggi.com\/fr\/all-itineraries\/full-day-trip-saint-tropez-and-port-grimaud\/","title":{"rendered":"Excursion d&rsquo;une journ\u00e9e \u00e0 Saint Tropez et Port Grimaud"},"content":{"rendered":"<p><div class=\"fusion-fullwidth fullwidth-box fusion-builder-row-1 fusion-flex-container has-pattern-background has-mask-background nonhundred-percent-fullwidth non-hundred-percent-height-scrolling\" style=\"--awb-border-radius-top-left:0px;--awb-border-radius-top-right:0px;--awb-border-radius-bottom-right:0px;--awb-border-radius-bottom-left:0px;--awb-background-color: rgba(255,255,255,0);\" ><div class=\"fusion-builder-row fusion-row fusion-flex-align-items-flex-start fusion-flex-justify-content-center\" style=\"max-width:1414.4px;margin-left: calc(-4% \/ 2 );margin-right: calc(-4% \/ 2 );\"><div class=\"fusion-layout-column fusion_builder_column fusion-builder-column-0 fusion_builder_column_1_1 1_1 fusion-flex-column fusion-flex-align-self-center\" style=\"--awb-overflow:hidden;--awb-bg-size:cover;--awb-border-radius:12px 12px 12px 12px;--awb-width-large:100%;--awb-spacing-right-large:1.92%;--awb-margin-bottom-large:64px;--awb-spacing-left-large:1.92%;--awb-width-medium:100%;--awb-order-medium:0;--awb-spacing-right-medium:1.92%;--awb-spacing-left-medium:1.92%;--awb-width-small:100%;--awb-order-small:0;--awb-spacing-right-small:1.92%;--awb-spacing-left-small:1.92%;\"><div class=\"fusion-column-wrapper fusion-column-has-shadow fusion-flex-justify-content-center fusion-content-layout-row fusion-flex-align-items-center\"><div class=\"fusion-image-element \" style=\"text-align:center;\"><span class=\" fusion-imageframe imageframe-none imageframe-1 hover-type-none\" style=\"border-radius:16px;\"><img decoding=\"async\" width=\"2560\" height=\"1700\" title=\"Saint-Tropez-vista generale\" src=\"https:\/\/bitoviaggi.com\/wp-content\/uploads\/2023\/02\/Saint-Tropez-vista-generale-scaled.jpg\" data-orig-src=\"http:\/\/bitoviaggi.com\/wp-content\/uploads\/2023\/02\/Saint-Tropez-vista-generale-scaled.jpg\" alt class=\"lazyload img-responsive wp-image-2855\" srcset=\"data:image\/svg+xml,%3Csvg%20xmlns%3D%27http%3A%2F%2Fwww.w3.org%2F2000%2Fsvg%27%20width%3D%272560%27%20height%3D%271700%27%20viewBox%3D%270%200%202560%201700%27%3E%3Crect%20width%3D%272560%27%20height%3D%271700%27%20fill-opacity%3D%220%22%2F%3E%3C%2Fsvg%3E\" data-srcset=\"https:\/\/bitoviaggi.com\/wp-content\/uploads\/2023\/02\/Saint-Tropez-vista-generale-200x133.jpg 200w, https:\/\/bitoviaggi.com\/wp-content\/uploads\/2023\/02\/Saint-Tropez-vista-generale-400x266.jpg 400w, https:\/\/bitoviaggi.com\/wp-content\/uploads\/2023\/02\/Saint-Tropez-vista-generale-600x399.jpg 600w, https:\/\/bitoviaggi.com\/wp-content\/uploads\/2023\/02\/Saint-Tropez-vista-generale-800x531.jpg 800w, https:\/\/bitoviaggi.com\/wp-content\/uploads\/2023\/02\/Saint-Tropez-vista-generale-1200x797.jpg 1200w, https:\/\/bitoviaggi.com\/wp-content\/uploads\/2023\/02\/Saint-Tropez-vista-generale-scaled.jpg 2560w\" data-sizes=\"auto\" data-orig-sizes=\"(max-width: 800px) 100vw, 2560px\" \/><\/span><\/div><\/div><\/div><\/div><\/div><div class=\"fusion-fullwidth fullwidth-box fusion-builder-row-2 fusion-flex-container has-pattern-background has-mask-background nonhundred-percent-fullwidth non-hundred-percent-height-scrolling\" style=\"--awb-border-radius-top-left:0px;--awb-border-radius-top-right:0px;--awb-border-radius-bottom-right:0px;--awb-border-radius-bottom-left:0px;\" ><div class=\"fusion-builder-row fusion-row fusion-flex-align-items-flex-start fusion-flex-justify-content-center\" style=\"max-width:1414.4px;margin-left: calc(-4% \/ 2 );margin-right: calc(-4% \/ 2 );\"><div class=\"fusion-layout-column fusion_builder_column fusion-builder-column-1 fusion_builder_column_1_1 1_1 fusion-flex-column\" style=\"--awb-padding-top:40px;--awb-padding-right:80px;--awb-padding-left:80px;--awb-overflow:hidden;--awb-bg-color:hsla(var(--awb-custom_color_2-h),var(--awb-custom_color_2-s),var(--awb-custom_color_2-l),calc(var(--awb-custom_color_2-a) - 90%));--awb-bg-size:cover;--awb-border-radius:16px 16px 0px 0px;--awb-width-large:100%;--awb-spacing-right-large:1.92%;--awb-margin-bottom-large:0px;--awb-spacing-left-large:1.92%;--awb-width-medium:100%;--awb-order-medium:0;--awb-spacing-right-medium:1.92%;--awb-spacing-left-medium:1.92%;--awb-width-small:100%;--awb-order-small:0;--awb-spacing-right-small:1.92%;--awb-spacing-left-small:1.92%;\"><div class=\"fusion-column-wrapper fusion-column-has-shadow fusion-flex-justify-content-flex-start fusion-content-layout-column\"><div class=\"fusion-text fusion-text-1 fusion-text-no-margin\" style=\"--awb-content-alignment:left;--awb-font-size:20px;--awb-text-color:var(--awb-color8);--awb-margin-bottom:48px;\"><p><span style=\"font-weight: 400;\">D\u00e9part pour Saint Tropez, capitale de la jet-set mondiale. Visite de la ville, l&rsquo;un des lieux de vill\u00e9giature les plus chics du monde. Dans la zone situ\u00e9e entre le port et la vieille ville, vous trouverez des clubs et des restaurants tr\u00e8s exclusifs, les bateaux et les vedettes de luxe se pressent dans la marina. Possibilit\u00e9 de d\u00e9jeuner dans un restaurant de Port Grimaud. Ensuite, visite de Port Grimaud, \u00e9galement connu comme la \u00ab\u00a0petite Venise fran\u00e7aise moderne\u00a0\u00bb. Elle est compos\u00e9e de plusieurs canaux et quais qui forment des \u00eelots reli\u00e9s par des passerelles pi\u00e9tonnes, autour desquels se d\u00e9veloppe un v\u00e9ritable village que l&rsquo;on peut \u00e9galement rejoindre \u00e0 pied. Possibilit\u00e9 de d\u00e9jeuner dans un restaurant \u00e0 Port Grimaud (Veuillez noter que la distance de la Riviera des Fleurs \u00e0 Saint Tropez c\u2019est environ 200 km aller-retour)<\/span><\/p>\n<\/div><div class=\"fusion-separator fusion-full-width-sep\" style=\"align-self: center;margin-left: auto;margin-right: auto;width:100%;\"><div class=\"fusion-separator-border sep-single sep-dashed\" style=\"border-color:var(--awb-color3);border-top-width:1px;\"><\/div><\/div><\/div><\/div><div class=\"fusion-layout-column fusion_builder_column fusion-builder-column-2 fusion_builder_column_1_1 1_1 fusion-flex-column\" style=\"--awb-padding-top:40px;--awb-padding-right:80px;--awb-padding-left:80px;--awb-bg-color:hsla(var(--awb-custom_color_2-h),var(--awb-custom_color_2-s),var(--awb-custom_color_2-l),calc(var(--awb-custom_color_2-a) - 90%));--awb-bg-size:cover;--awb-width-large:100%;--awb-spacing-right-large:1.92%;--awb-margin-bottom-large:0px;--awb-spacing-left-large:1.92%;--awb-width-medium:100%;--awb-order-medium:0;--awb-spacing-right-medium:1.92%;--awb-spacing-left-medium:1.92%;--awb-width-small:100%;--awb-order-small:0;--awb-spacing-right-small:1.92%;--awb-spacing-left-small:1.92%;\"><div class=\"fusion-column-wrapper fusion-column-has-shadow fusion-flex-justify-content-flex-start fusion-content-layout-column\"><div class=\"fusion-separator fusion-full-width-sep\" style=\"align-self: center;margin-left: auto;margin-right: auto;width:100%;\"><div class=\"fusion-separator-border sep-single sep-dashed\" style=\"border-color:var(--awb-color3);border-top-width:1px;\"><\/div><\/div><\/div><\/div><\/div><\/div><div class=\"fusion-fullwidth fullwidth-box fusion-builder-row-3 fusion-flex-container has-pattern-background has-mask-background nonhundred-percent-fullwidth non-hundred-percent-height-scrolling\" style=\"--awb-border-radius-top-left:0px;--awb-border-radius-top-right:0px;--awb-border-radius-bottom-right:0px;--awb-border-radius-bottom-left:0px;--awb-margin-top:100px;\" ><div class=\"fusion-builder-row fusion-row fusion-flex-align-items-flex-start fusion-flex-justify-content-center\" style=\"max-width:1414.4px;margin-left: calc(-4% \/ 2 );margin-right: calc(-4% \/ 2 );\"><div class=\"fusion-layout-column fusion_builder_column fusion-builder-column-3 fusion_builder_column_1_1 1_1 fusion-flex-column\" style=\"--awb-bg-size:cover;--awb-width-large:100%;--awb-spacing-right-large:1.92%;--awb-margin-bottom-large:0px;--awb-spacing-left-large:1.92%;--awb-width-medium:100%;--awb-order-medium:0;--awb-spacing-right-medium:1.92%;--awb-spacing-left-medium:1.92%;--awb-width-small:100%;--awb-order-small:0;--awb-spacing-right-small:1.92%;--awb-spacing-left-small:1.92%;\"><div class=\"fusion-column-wrapper fusion-column-has-shadow fusion-flex-justify-content-flex-start fusion-content-layout-column\"><div style=\"text-align:center;\"><a class=\"fusion-button button-flat fusion-button-default-size button-custom fusion-button-default button-1 fusion-button-default-span fusion-button-default-type\" style=\"--button_accent_color:hsla(calc(var(--awb-color4-h) + 46),var(--awb-color4-s),calc(var(--awb-color4-l) - 18%),var(--awb-color4-a));--button_border_color:var(--awb-color4);--button_accent_hover_color:hsla(calc(var(--awb-color4-h) + 46),var(--awb-color4-s),calc(var(--awb-color4-l) - 18%),var(--awb-color4-a));--button_border_hover_color:var(--awb-color4);--button_gradient_top_color:hsla(calc(var(--awb-color4-h) + 46),var(--awb-color4-s),calc(var(--awb-color4-l) - 18%),calc(var(--awb-color4-a) - 85%));--button_gradient_bottom_color:hsla(calc(var(--awb-color4-h) + 46),var(--awb-color4-s),calc(var(--awb-color4-l) - 18%),calc(var(--awb-color4-a) - 85%));--button_gradient_top_color_hover:hsla(calc(var(--awb-color4-h) + 46),var(--awb-color4-s),calc(var(--awb-color4-l) - 18%),calc(var(--awb-color4-a) - 85%));--button_gradient_bottom_color_hover:hsla(calc(var(--awb-color4-h) + 46),var(--awb-color4-s),calc(var(--awb-color4-l) - 18%),calc(var(--awb-color4-a) - 85%));--button_text_transform:var(--awb-typography5-text-transform);--button_font_size:var(--awb-typography5-font-size);--button_line_height:var(--awb-typography5-line-height);--button_padding-top:8px;--button_padding-right:20px;--button_padding-bottom:8px;--button_padding-left:20px;--button_typography-letter-spacing:var(--awb-typography5-letter-spacing);--button_typography-font-family:var(--awb-typography5-font-family);--button_typography-font-weight:var(--awb-typography5-font-weight);--button_typography-font-style:var(--awb-typography5-font-style);\" target=\"_self\"><span class=\"fusion-button-text\">Sp\u00e9cialistes des voyages et des vacances<\/span><\/a><\/div><div class=\"fusion-title title fusion-title-1 fusion-sep-none fusion-title-center fusion-title-text fusion-title-size-two\" style=\"--awb-margin-top:25px;--awb-margin-bottom:70px;--awb-margin-top-small:30px;--awb-margin-bottom-small:60px;\"><h2 class=\"title-heading-center\" style=\"margin:0;\">lieux \u00e0 visiter<\/h2><\/div><\/div><\/div><div class=\"fusion-layout-column fusion_builder_column fusion-builder-column-4 fusion_builder_column_1_2 1_2 fusion-flex-column\" style=\"--awb-bg-size:cover;--awb-width-large:50%;--awb-spacing-right-large:3.84%;--awb-margin-bottom-large:60px;--awb-spacing-left-large:3.84%;--awb-width-medium:50%;--awb-order-medium:0;--awb-spacing-right-medium:3.84%;--awb-spacing-left-medium:3.84%;--awb-width-small:100%;--awb-order-small:0;--awb-spacing-right-small:1.92%;--awb-spacing-left-small:1.92%;\"><div class=\"fusion-column-wrapper fusion-column-has-shadow fusion-flex-justify-content-flex-start fusion-content-layout-column\"><div class=\"fusion-builder-row fusion-builder-row-inner fusion-row fusion-flex-align-items-flex-start fusion-flex-justify-content-center\" style=\"width:104% !important;max-width:104% !important;margin-left: calc(-4% \/ 2 );margin-right: calc(-4% \/ 2 );\"><div class=\"fusion-layout-column fusion_builder_column_inner fusion-builder-nested-column-0 fusion_builder_column_inner_2_5 2_5 fusion-flex-column\" style=\"--awb-bg-size:cover;--awb-transform:translateY(0px);--awb-transform-hover:translateY(5px);--awb-width-large:40%;--awb-spacing-right-large:4.8%;--awb-margin-bottom-large:0px;--awb-spacing-left-large:4.8%;--awb-width-medium:40%;--awb-order-medium:0;--awb-spacing-right-medium:4.8%;--awb-spacing-left-medium:4.8%;--awb-width-small:100%;--awb-order-small:0;--awb-spacing-right-small:1.92%;--awb-spacing-left-small:1.92%;\"><div class=\"fusion-column-wrapper fusion-column-has-shadow fusion-flex-justify-content-flex-start fusion-content-layout-column\"><div class=\"fusion-image-element \"><span class=\" fusion-imageframe imageframe-none imageframe-2 hover-type-none\" style=\"border-radius:12px;\"><img decoding=\"async\" width=\"1217\" height=\"694\" title=\"saint-tropez-1\" src=\"https:\/\/bitoviaggi.com\/wp-content\/uploads\/2023\/02\/saint-tropez-1.webp\" data-orig-src=\"http:\/\/bitoviaggi.com\/wp-content\/uploads\/2023\/02\/saint-tropez-1.webp\" alt class=\"lazyload img-responsive wp-image-2873\" srcset=\"data:image\/svg+xml,%3Csvg%20xmlns%3D%27http%3A%2F%2Fwww.w3.org%2F2000%2Fsvg%27%20width%3D%271217%27%20height%3D%27694%27%20viewBox%3D%270%200%201217%20694%27%3E%3Crect%20width%3D%271217%27%20height%3D%27694%27%20fill-opacity%3D%220%22%2F%3E%3C%2Fsvg%3E\" data-srcset=\"https:\/\/bitoviaggi.com\/wp-content\/uploads\/2023\/02\/saint-tropez-1-200x114.webp 200w, https:\/\/bitoviaggi.com\/wp-content\/uploads\/2023\/02\/saint-tropez-1-300x171.webp 300w, https:\/\/bitoviaggi.com\/wp-content\/uploads\/2023\/02\/saint-tropez-1-400x228.webp 400w, https:\/\/bitoviaggi.com\/wp-content\/uploads\/2023\/02\/saint-tropez-1-500x285.webp 500w, https:\/\/bitoviaggi.com\/wp-content\/uploads\/2023\/02\/saint-tropez-1-600x342.webp 600w, https:\/\/bitoviaggi.com\/wp-content\/uploads\/2023\/02\/saint-tropez-1-700x399.webp 700w, https:\/\/bitoviaggi.com\/wp-content\/uploads\/2023\/02\/saint-tropez-1-768x438.webp 768w, https:\/\/bitoviaggi.com\/wp-content\/uploads\/2023\/02\/saint-tropez-1-800x456.webp 800w, https:\/\/bitoviaggi.com\/wp-content\/uploads\/2023\/02\/saint-tropez-1-1024x584.webp 1024w, https:\/\/bitoviaggi.com\/wp-content\/uploads\/2023\/02\/saint-tropez-1-1200x684.webp 1200w, https:\/\/bitoviaggi.com\/wp-content\/uploads\/2023\/02\/saint-tropez-1.webp 1217w\" data-sizes=\"auto\" data-orig-sizes=\"(max-width: 800px) 100vw, 600px\" \/><\/span><\/div><\/div><\/div><div class=\"fusion-layout-column fusion_builder_column_inner fusion-builder-nested-column-1 fusion_builder_column_inner_3_5 3_5 fusion-flex-column fusion-flex-align-self-center\" style=\"--awb-padding-right:30px;--awb-padding-left:15px;--awb-bg-size:cover;--awb-width-large:60%;--awb-spacing-right-large:3.2%;--awb-margin-bottom-large:0px;--awb-spacing-left-large:3.2%;--awb-width-medium:60%;--awb-order-medium:0;--awb-spacing-right-medium:3.2%;--awb-spacing-left-medium:3.2%;--awb-width-small:100%;--awb-order-small:0;--awb-spacing-right-small:1.92%;--awb-spacing-left-small:1.92%;\"><div class=\"fusion-column-wrapper fusion-column-has-shadow fusion-flex-justify-content-flex-start fusion-content-layout-column\"><div class=\"fusion-title title fusion-title-2 fusion-sep-none fusion-title-text fusion-title-size-four\" style=\"--awb-margin-top:0px;--awb-margin-bottom:2px;--awb-margin-top-small:30px;\"><h4 class=\"title-heading-left\" style=\"margin:0;\"><span style=\"font-weight: 400;\">Saint Tropez<\/span><\/h4><\/div><div class=\"fusion-text fusion-text-2 fusion-text-no-margin\" style=\"--awb-margin-bottom:0px;\"><p><span style=\"font-weight: 400;\">Saint-Tropez, capitale de la jet-set mondiale. D\u00e8s la fin des ann\u00e9es 1800, des \u00e9crivains comme Maupassant et des peintres comme Signac et Matisse ont commenc\u00e9 \u00e0 la fr\u00e9quenter et \u00e0 former cette aura l\u00e9gendaire qui la caract\u00e9rise encore aujourd&rsquo;hui. Le grand d\u00e9veloppement touristique de Saint-Tropez a commenc\u00e9 vers la fin des ann\u00e9es 60, lorsque Jean Paul Sartre, Boris Vian et Brigitte Bardot fr\u00e9quentaient assid\u00fbment les plages et les bars de la p\u00e9ninsule. Aujourd&rsquo;hui, Saint-Tropez est l&rsquo;une des destinations de vacances les plus chics du monde. Dans la zone situ\u00e9e entre le port et la vieille ville, on trouve des clubs et des restaurants tr\u00e8s exclusifs, des bateaux de luxe et des bateaux \u00e0 moteur se pressent dans la marina.<\/span><\/p>\n<\/div><\/div><\/div><\/div><\/div><\/div><div class=\"fusion-layout-column fusion_builder_column fusion-builder-column-5 fusion_builder_column_1_2 1_2 fusion-flex-column\" style=\"--awb-bg-size:cover;--awb-width-large:50%;--awb-spacing-right-large:3.84%;--awb-margin-bottom-large:60px;--awb-spacing-left-large:3.84%;--awb-width-medium:50%;--awb-order-medium:0;--awb-spacing-right-medium:3.84%;--awb-spacing-left-medium:3.84%;--awb-width-small:100%;--awb-order-small:0;--awb-spacing-right-small:1.92%;--awb-spacing-left-small:1.92%;\"><div class=\"fusion-column-wrapper fusion-column-has-shadow fusion-flex-justify-content-flex-start fusion-content-layout-column\"><div class=\"fusion-builder-row fusion-builder-row-inner fusion-row fusion-flex-align-items-flex-start fusion-flex-justify-content-center\" style=\"width:104% !important;max-width:104% !important;margin-left: calc(-4% \/ 2 );margin-right: calc(-4% \/ 2 );\"><div class=\"fusion-layout-column fusion_builder_column_inner fusion-builder-nested-column-2 fusion_builder_column_inner_2_5 2_5 fusion-flex-column\" style=\"--awb-bg-size:cover;--awb-transform:translateY(0px);--awb-transform-hover:translateY(5px);--awb-width-large:40%;--awb-spacing-right-large:4.8%;--awb-margin-bottom-large:0px;--awb-spacing-left-large:4.8%;--awb-width-medium:40%;--awb-order-medium:0;--awb-spacing-right-medium:4.8%;--awb-spacing-left-medium:4.8%;--awb-width-small:100%;--awb-order-small:0;--awb-spacing-right-small:1.92%;--awb-spacing-left-small:1.92%;\"><div class=\"fusion-column-wrapper fusion-column-has-shadow fusion-flex-justify-content-flex-start fusion-content-layout-column\"><div class=\"fusion-image-element \"><span class=\" fusion-imageframe imageframe-none imageframe-3 hover-type-none\" style=\"border-radius:12px;\"><img decoding=\"async\" width=\"798\" height=\"489\" title=\"Port Grimaud 1\" src=\"https:\/\/bitoviaggi.com\/wp-content\/uploads\/2023\/02\/Port-Grimaud-1.jpg\" data-orig-src=\"http:\/\/bitoviaggi.com\/wp-content\/uploads\/2023\/02\/Port-Grimaud-1.jpg\" alt class=\"lazyload img-responsive wp-image-2751\" srcset=\"data:image\/svg+xml,%3Csvg%20xmlns%3D%27http%3A%2F%2Fwww.w3.org%2F2000%2Fsvg%27%20width%3D%27798%27%20height%3D%27489%27%20viewBox%3D%270%200%20798%20489%27%3E%3Crect%20width%3D%27798%27%20height%3D%27489%27%20fill-opacity%3D%220%22%2F%3E%3C%2Fsvg%3E\" data-srcset=\"https:\/\/bitoviaggi.com\/wp-content\/uploads\/2023\/02\/Port-Grimaud-1-200x123.jpg 200w, https:\/\/bitoviaggi.com\/wp-content\/uploads\/2023\/02\/Port-Grimaud-1-400x245.jpg 400w, https:\/\/bitoviaggi.com\/wp-content\/uploads\/2023\/02\/Port-Grimaud-1-600x368.jpg 600w, https:\/\/bitoviaggi.com\/wp-content\/uploads\/2023\/02\/Port-Grimaud-1.jpg 798w\" data-sizes=\"auto\" data-orig-sizes=\"(max-width: 800px) 100vw, 600px\" \/><\/span><\/div><\/div><\/div><div class=\"fusion-layout-column fusion_builder_column_inner fusion-builder-nested-column-3 fusion_builder_column_inner_3_5 3_5 fusion-flex-column fusion-flex-align-self-center\" style=\"--awb-padding-right:30px;--awb-padding-left:15px;--awb-bg-size:cover;--awb-width-large:60%;--awb-spacing-right-large:3.2%;--awb-margin-bottom-large:0px;--awb-spacing-left-large:3.2%;--awb-width-medium:60%;--awb-order-medium:0;--awb-spacing-right-medium:3.2%;--awb-spacing-left-medium:3.2%;--awb-width-small:100%;--awb-order-small:0;--awb-spacing-right-small:1.92%;--awb-spacing-left-small:1.92%;\"><div class=\"fusion-column-wrapper fusion-column-has-shadow fusion-flex-justify-content-flex-start fusion-content-layout-column\"><div class=\"fusion-title title fusion-title-3 fusion-sep-none fusion-title-text fusion-title-size-four\" style=\"--awb-margin-top:0px;--awb-margin-bottom:2px;--awb-margin-top-small:30px;\"><h4 class=\"title-heading-left\" style=\"margin:0;\">Port Grimaud<\/h4><\/div><div class=\"fusion-text fusion-text-3 fusion-text-no-margin\" style=\"--awb-margin-bottom:0px;\"><p><span style=\"font-weight: 400;\">Port Grimaud est \u00e0 quelques km. de Saint-Tropez, elle est aussi appel\u00e9e la \u00ab\u00a0petite Venise fran\u00e7aise\u00a0\u00bb, elle est compos\u00e9e de plusieurs canaux et quais qui forment des petites \u00eeles reli\u00e9es entre elles par des ponts pi\u00e9tonniers, autour desquelles se d\u00e9veloppe un v\u00e9ritable village que l&rsquo;on peut aussi rejoindre depuis le continent.<\/span><\/p>\n<\/div><\/div><\/div><\/div><\/div><\/div><\/div><\/div><div class=\"fusion-fullwidth fullwidth-box fusion-builder-row-4 fusion-flex-container has-pattern-background has-mask-background nonhundred-percent-fullwidth non-hundred-percent-height-scrolling\" style=\"--link_hover_color: var(--awb-color4);--link_color: var(--awb-color1);--awb-border-radius-top-left:0px;--awb-border-radius-top-right:0px;--awb-border-radius-bottom-right:0px;--awb-border-radius-bottom-left:0px;--awb-margin-top:100px;\" ><div class=\"fusion-builder-row fusion-row fusion-flex-align-items-flex-start fusion-flex-justify-content-center\" style=\"max-width:1414.4px;margin-left: calc(-4% \/ 2 );margin-right: calc(-4% \/ 2 );\"><div class=\"fusion-layout-column fusion_builder_column fusion-builder-column-6 fusion_builder_column_5_6 5_6 fusion-flex-column\" style=\"--awb-padding-top:60px;--awb-padding-right:40px;--awb-padding-bottom:80px;--awb-padding-left:40px;--awb-padding-right-small:40px;--awb-padding-left-small:40px;--awb-overflow:hidden;--awb-bg-color:hsla(calc(var(--awb-custom_color_1-h) - 2),calc(var(--awb-custom_color_1-s) - 20%),calc(var(--awb-custom_color_1-l) + 5%),var(--awb-custom_color_1-a));--awb-bg-size:cover;--awb-box-shadow:0px 5px 20px 5px hsla(var(--awb-color8-h),var(--awb-color8-s),var(--awb-color8-l),calc(var(--awb-color8-a) - 75%));;--awb-border-radius:12px 12px 12px 12px;--awb-width-large:83.333333333333%;--awb-margin-top-large:-60px;--awb-spacing-right-large:2.304%;--awb-margin-bottom-large:0px;--awb-spacing-left-large:2.304%;--awb-width-medium:83.333333333333%;--awb-order-medium:0;--awb-spacing-right-medium:2.304%;--awb-spacing-left-medium:2.304%;--awb-width-small:100%;--awb-order-small:0;--awb-spacing-right-small:1.92%;--awb-spacing-left-small:1.92%;\"><div class=\"fusion-column-wrapper lazyload fusion-column-has-shadow fusion-flex-justify-content-flex-start fusion-content-layout-column\" data-bg-url=\"http:\/\/bitoviaggi.com\/wp-content\/uploads\/2022\/06\/call-experts-bg-3.png\" data-bg=\"http:\/\/bitoviaggi.com\/wp-content\/uploads\/2022\/06\/call-experts-bg-3.png\"><div class=\"fusion-text fusion-text-4 fusion-text-no-margin\" style=\"--awb-content-alignment:center;--awb-font-size:38px;--awb-line-height:1.4;--awb-text-transform:capitalize;--awb-text-color:var(--awb-color1);--awb-margin-bottom:5px;\"><p>Vous souhaitez r\u00e9server une visite guid\u00e9e chez nous ?<\/p>\n<\/div><div class=\"fusion-title title fusion-title-4 fusion-sep-none fusion-title-center fusion-title-text fusion-title-size-three\" style=\"--awb-text-color:var(--awb-color1);\"><h3 class=\"title-heading-center\" style=\"margin:0;\"><span style=\"font-weight: 400;\">(+39) 0184 448294 <\/span> or <u><a href=\"https:\/\/bitoviaggi.com\/fr\/contact\/\">Prendre contact<\/a><\/u><\/h3><\/div><\/div><\/div><\/div><\/div><\/p>\n","protected":false},"excerpt":{"rendered":"","protected":false},"author":1,"featured_media":0,"parent":2959,"menu_order":0,"comment_status":"closed","ping_status":"closed","template":"100-width.php","meta":[],"_links":{"self":[{"href":"https:\/\/bitoviaggi.com\/fr\/wp-json\/wp\/v2\/pages\/2964"}],"collection":[{"href":"https:\/\/bitoviaggi.com\/fr\/wp-json\/wp\/v2\/pages"}],"about":[{"href":"https:\/\/bitoviaggi.com\/fr\/wp-json\/wp\/v2\/types\/page"}],"author":[{"embeddable":true,"href":"https:\/\/bitoviaggi.com\/fr\/wp-json\/wp\/v2\/users\/1"}],"replies":[{"embeddable":true,"href":"https:\/\/bitoviaggi.com\/fr\/wp-json\/wp\/v2\/comments?post=2964"}],"version-history":[{"count":7,"href":"https:\/\/bitoviaggi.com\/fr\/wp-json\/wp\/v2\/pages\/2964\/revisions"}],"predecessor-version":[{"id":4202,"href":"https:\/\/bitoviaggi.com\/fr\/wp-json\/wp\/v2\/pages\/2964\/revisions\/4202"}],"up":[{"embeddable":true,"href":"https:\/\/bitoviaggi.com\/fr\/wp-json\/wp\/v2\/pages\/2959"}],"wp:attachment":[{"href":"https:\/\/bitoviaggi.com\/fr\/wp-json\/wp\/v2\/media?parent=2964"}],"curies":[{"name":"wp","href":"https:\/\/api.w.org\/{rel}","templated":true}]}}