{"id":2966,"date":"2023-02-26T09:35:41","date_gmt":"2023-02-26T09:35:41","guid":{"rendered":"https:\/\/bitoviaggi.com\/all-itineraries\/full-day-trip-taggia-triora-and-valle-argentina\/"},"modified":"2023-06-09T09:47:42","modified_gmt":"2023-06-09T09:47:42","slug":"full-day-trip-taggia-triora-and-valle-argentina","status":"publish","type":"page","link":"https:\/\/bitoviaggi.com\/fr\/all-itineraries\/full-day-trip-taggia-triora-and-valle-argentina\/","title":{"rendered":"Excursion d&rsquo;une journ\u00e9e compl\u00e8te \u00e0 Taggia, Triora et Valle Argentina"},"content":{"rendered":"<p><div class=\"fusion-fullwidth fullwidth-box fusion-builder-row-1 fusion-flex-container has-pattern-background has-mask-background nonhundred-percent-fullwidth non-hundred-percent-height-scrolling\" style=\"--awb-border-radius-top-left:0px;--awb-border-radius-top-right:0px;--awb-border-radius-bottom-right:0px;--awb-border-radius-bottom-left:0px;--awb-background-color: rgba(255,255,255,0);\" ><div class=\"fusion-builder-row fusion-row fusion-flex-align-items-flex-start fusion-flex-justify-content-center\" style=\"max-width:1414.4px;margin-left: calc(-4% \/ 2 );margin-right: calc(-4% \/ 2 );\"><div class=\"fusion-layout-column fusion_builder_column fusion-builder-column-0 fusion_builder_column_1_1 1_1 fusion-flex-column fusion-flex-align-self-center\" style=\"--awb-overflow:hidden;--awb-bg-size:cover;--awb-border-radius:12px 12px 12px 12px;--awb-width-large:100%;--awb-spacing-right-large:1.92%;--awb-margin-bottom-large:64px;--awb-spacing-left-large:1.92%;--awb-width-medium:100%;--awb-order-medium:0;--awb-spacing-right-medium:1.92%;--awb-spacing-left-medium:1.92%;--awb-width-small:100%;--awb-order-small:0;--awb-spacing-right-small:1.92%;--awb-spacing-left-small:1.92%;\"><div class=\"fusion-column-wrapper fusion-column-has-shadow fusion-flex-justify-content-center fusion-content-layout-row fusion-flex-align-items-center\"><div class=\"fusion-image-element \" style=\"text-align:center;\"><span class=\" fusion-imageframe imageframe-none imageframe-1 hover-type-none\" style=\"border-radius:16px;\"><img decoding=\"async\" width=\"600\" height=\"400\" title=\"la-fortezza (1)\" src=\"https:\/\/bitoviaggi.com\/wp-content\/uploads\/2023\/04\/la-fortezza-1.jpg\" data-orig-src=\"http:\/\/bitoviaggi.com\/wp-content\/uploads\/2023\/04\/la-fortezza-1.jpg\" alt class=\"lazyload img-responsive wp-image-3172\" srcset=\"data:image\/svg+xml,%3Csvg%20xmlns%3D%27http%3A%2F%2Fwww.w3.org%2F2000%2Fsvg%27%20width%3D%27600%27%20height%3D%27400%27%20viewBox%3D%270%200%20600%20400%27%3E%3Crect%20width%3D%27600%27%20height%3D%27400%27%20fill-opacity%3D%220%22%2F%3E%3C%2Fsvg%3E\" data-srcset=\"https:\/\/bitoviaggi.com\/wp-content\/uploads\/2023\/04\/la-fortezza-1-200x133.jpg 200w, https:\/\/bitoviaggi.com\/wp-content\/uploads\/2023\/04\/la-fortezza-1-400x267.jpg 400w, https:\/\/bitoviaggi.com\/wp-content\/uploads\/2023\/04\/la-fortezza-1.jpg 600w\" data-sizes=\"auto\" data-orig-sizes=\"(max-width: 800px) 100vw, 600px\" \/><\/span><\/div><\/div><\/div><\/div><\/div><div class=\"fusion-fullwidth fullwidth-box fusion-builder-row-2 fusion-flex-container has-pattern-background has-mask-background nonhundred-percent-fullwidth non-hundred-percent-height-scrolling\" style=\"--awb-border-radius-top-left:0px;--awb-border-radius-top-right:0px;--awb-border-radius-bottom-right:0px;--awb-border-radius-bottom-left:0px;\" ><div class=\"fusion-builder-row fusion-row fusion-flex-align-items-flex-start fusion-flex-justify-content-center\" style=\"max-width:1414.4px;margin-left: calc(-4% \/ 2 );margin-right: calc(-4% \/ 2 );\"><div class=\"fusion-layout-column fusion_builder_column fusion-builder-column-1 fusion_builder_column_1_1 1_1 fusion-flex-column\" style=\"--awb-padding-top:40px;--awb-padding-right:80px;--awb-padding-left:80px;--awb-overflow:hidden;--awb-bg-color:hsla(var(--awb-custom_color_2-h),var(--awb-custom_color_2-s),var(--awb-custom_color_2-l),calc(var(--awb-custom_color_2-a) - 90%));--awb-bg-size:cover;--awb-border-radius:16px 16px 0px 0px;--awb-width-large:100%;--awb-spacing-right-large:1.92%;--awb-margin-bottom-large:0px;--awb-spacing-left-large:1.92%;--awb-width-medium:100%;--awb-order-medium:0;--awb-spacing-right-medium:1.92%;--awb-spacing-left-medium:1.92%;--awb-width-small:100%;--awb-order-small:0;--awb-spacing-right-small:1.92%;--awb-spacing-left-small:1.92%;\"><div class=\"fusion-column-wrapper fusion-column-has-shadow fusion-flex-justify-content-flex-start fusion-content-layout-column\"><div class=\"fusion-text fusion-text-1 fusion-text-no-margin\" style=\"--awb-content-alignment:left;--awb-font-size:20px;--awb-text-color:var(--awb-color8);--awb-margin-bottom:48px;\"><p><span style=\"font-weight: 400;\">Voyagez le long de la route c\u00f4ti\u00e8re jusqu&rsquo;\u00e0 Taggia, un ancien village m\u00e9di\u00e9val situ\u00e9 \u00e0 2 km de la mer. Visitez la vieille ville, le couvent des Dominicains et les anciens murs de la ville. Continuez \u00e0 travers la vall\u00e9e Argentina en passant par Badalucco jusqu&rsquo;\u00e0 Molini di Triora. Br\u00e8ve visite du village et continuation vers Triora. Possibilit\u00e9 de d\u00e9jeuner dans un restaurant. Le village est mondialement connu pour sa pers\u00e9cution des sorci\u00e8res datant de la p\u00e9riode de la Contre-R\u00e9forme. Visite du centre historique et du mus\u00e9e ethnographique consacr\u00e9 aux sorci\u00e8res et aux moyens de torture de l&rsquo;Inquisition. Possibilit\u00e9 de visiter une ancienne distillerie de lavande sauvage.<\/span><\/p>\n<\/div><div class=\"fusion-separator fusion-full-width-sep\" style=\"align-self: center;margin-left: auto;margin-right: auto;width:100%;\"><div class=\"fusion-separator-border sep-single sep-dashed\" style=\"border-color:var(--awb-color3);border-top-width:1px;\"><\/div><\/div><\/div><\/div><div class=\"fusion-layout-column fusion_builder_column fusion-builder-column-2 fusion_builder_column_1_1 1_1 fusion-flex-column\" style=\"--awb-padding-top:40px;--awb-padding-right:80px;--awb-padding-left:80px;--awb-bg-color:hsla(var(--awb-custom_color_2-h),var(--awb-custom_color_2-s),var(--awb-custom_color_2-l),calc(var(--awb-custom_color_2-a) - 90%));--awb-bg-size:cover;--awb-width-large:100%;--awb-spacing-right-large:1.92%;--awb-margin-bottom-large:0px;--awb-spacing-left-large:1.92%;--awb-width-medium:100%;--awb-order-medium:0;--awb-spacing-right-medium:1.92%;--awb-spacing-left-medium:1.92%;--awb-width-small:100%;--awb-order-small:0;--awb-spacing-right-small:1.92%;--awb-spacing-left-small:1.92%;\"><div class=\"fusion-column-wrapper fusion-column-has-shadow fusion-flex-justify-content-flex-start fusion-content-layout-column\"><div class=\"fusion-separator fusion-full-width-sep\" style=\"align-self: center;margin-left: auto;margin-right: auto;width:100%;\"><div class=\"fusion-separator-border sep-single sep-dashed\" style=\"border-color:var(--awb-color3);border-top-width:1px;\"><\/div><\/div><\/div><\/div><\/div><\/div><div class=\"fusion-fullwidth fullwidth-box fusion-builder-row-3 fusion-flex-container has-pattern-background has-mask-background nonhundred-percent-fullwidth non-hundred-percent-height-scrolling\" style=\"--link_hover_color: var(--awb-color4);--link_color: var(--awb-color1);--awb-border-radius-top-left:0px;--awb-border-radius-top-right:0px;--awb-border-radius-bottom-right:0px;--awb-border-radius-bottom-left:0px;--awb-margin-top:100px;\" ><div class=\"fusion-builder-row fusion-row fusion-flex-align-items-flex-start fusion-flex-justify-content-center\" style=\"max-width:1414.4px;margin-left: calc(-4% \/ 2 );margin-right: calc(-4% \/ 2 );\"><div class=\"fusion-layout-column fusion_builder_column fusion-builder-column-3 fusion_builder_column_5_6 5_6 fusion-flex-column\" style=\"--awb-padding-top:60px;--awb-padding-right:40px;--awb-padding-bottom:80px;--awb-padding-left:40px;--awb-padding-right-small:40px;--awb-padding-left-small:40px;--awb-overflow:hidden;--awb-bg-color:hsla(calc(var(--awb-custom_color_1-h) - 2),calc(var(--awb-custom_color_1-s) - 20%),calc(var(--awb-custom_color_1-l) + 5%),var(--awb-custom_color_1-a));--awb-bg-size:cover;--awb-box-shadow:0px 5px 20px 5px hsla(var(--awb-color8-h),var(--awb-color8-s),var(--awb-color8-l),calc(var(--awb-color8-a) - 75%));;--awb-border-radius:12px 12px 12px 12px;--awb-width-large:83.333333333333%;--awb-margin-top-large:-60px;--awb-spacing-right-large:2.304%;--awb-margin-bottom-large:0px;--awb-spacing-left-large:2.304%;--awb-width-medium:83.333333333333%;--awb-order-medium:0;--awb-spacing-right-medium:2.304%;--awb-spacing-left-medium:2.304%;--awb-width-small:100%;--awb-order-small:0;--awb-spacing-right-small:1.92%;--awb-spacing-left-small:1.92%;\"><div class=\"fusion-column-wrapper lazyload fusion-column-has-shadow fusion-flex-justify-content-flex-start fusion-content-layout-column\" data-bg-url=\"http:\/\/bitoviaggi.com\/wp-content\/uploads\/2022\/06\/call-experts-bg-3.png\" data-bg=\"http:\/\/bitoviaggi.com\/wp-content\/uploads\/2022\/06\/call-experts-bg-3.png\"><div class=\"fusion-text fusion-text-2 fusion-text-no-margin\" style=\"--awb-content-alignment:center;--awb-font-size:38px;--awb-line-height:1.4;--awb-text-transform:capitalize;--awb-text-color:var(--awb-color1);--awb-margin-bottom:5px;\"><p>Vous souhaitez r\u00e9server une visite guid\u00e9e chez nous ?<\/p>\n<\/div><div class=\"fusion-title title fusion-title-1 fusion-sep-none fusion-title-center fusion-title-text fusion-title-size-three\" style=\"--awb-text-color:var(--awb-color1);\"><h3 class=\"title-heading-center\" style=\"margin:0;\"><span style=\"font-weight: 400;\">(+39) 0184 448294 <\/span> or <u><a href=\"https:\/\/bitoviaggi.com\/fr\/contact\/\">Prendre contact<\/a><\/u><\/h3><\/div><\/div><\/div><\/div><\/div><\/p>\n","protected":false},"excerpt":{"rendered":"","protected":false},"author":1,"featured_media":0,"parent":2959,"menu_order":0,"comment_status":"closed","ping_status":"closed","template":"100-width.php","meta":[],"_links":{"self":[{"href":"https:\/\/bitoviaggi.com\/fr\/wp-json\/wp\/v2\/pages\/2966"}],"collection":[{"href":"https:\/\/bitoviaggi.com\/fr\/wp-json\/wp\/v2\/pages"}],"about":[{"href":"https:\/\/bitoviaggi.com\/fr\/wp-json\/wp\/v2\/types\/page"}],"author":[{"embeddable":true,"href":"https:\/\/bitoviaggi.com\/fr\/wp-json\/wp\/v2\/users\/1"}],"replies":[{"embeddable":true,"href":"https:\/\/bitoviaggi.com\/fr\/wp-json\/wp\/v2\/comments?post=2966"}],"version-history":[{"count":7,"href":"https:\/\/bitoviaggi.com\/fr\/wp-json\/wp\/v2\/pages\/2966\/revisions"}],"predecessor-version":[{"id":4285,"href":"https:\/\/bitoviaggi.com\/fr\/wp-json\/wp\/v2\/pages\/2966\/revisions\/4285"}],"up":[{"embeddable":true,"href":"https:\/\/bitoviaggi.com\/fr\/wp-json\/wp\/v2\/pages\/2959"}],"wp:attachment":[{"href":"https:\/\/bitoviaggi.com\/fr\/wp-json\/wp\/v2\/media?parent=2966"}],"curies":[{"name":"wp","href":"https:\/\/api.w.org\/{rel}","templated":true}]}}