{"id":2970,"date":"2023-02-26T09:53:31","date_gmt":"2023-02-26T09:53:31","guid":{"rendered":"https:\/\/bitoviaggi.com\/all-itineraries\/full-day-trip-5-terre\/"},"modified":"2023-06-09T09:49:46","modified_gmt":"2023-06-09T09:49:46","slug":"full-day-trip-5-terre","status":"publish","type":"page","link":"https:\/\/bitoviaggi.com\/fr\/all-itineraries\/full-day-trip-5-terre\/","title":{"rendered":"Excursion d&rsquo;une journ\u00e9e 5 Terre"},"content":{"rendered":"<p><div class=\"fusion-fullwidth fullwidth-box fusion-builder-row-1 fusion-flex-container has-pattern-background has-mask-background nonhundred-percent-fullwidth non-hundred-percent-height-scrolling\" style=\"--awb-border-radius-top-left:0px;--awb-border-radius-top-right:0px;--awb-border-radius-bottom-right:0px;--awb-border-radius-bottom-left:0px;--awb-background-color: rgba(255,255,255,0);\" ><div class=\"fusion-builder-row fusion-row fusion-flex-align-items-flex-start fusion-flex-justify-content-center\" style=\"max-width:1414.4px;margin-left: calc(-4% \/ 2 );margin-right: calc(-4% \/ 2 );\"><div class=\"fusion-layout-column fusion_builder_column fusion-builder-column-0 fusion_builder_column_1_1 1_1 fusion-flex-column fusion-flex-align-self-center\" style=\"--awb-overflow:hidden;--awb-bg-size:cover;--awb-border-radius:12px 12px 12px 12px;--awb-width-large:100%;--awb-spacing-right-large:1.92%;--awb-margin-bottom-large:64px;--awb-spacing-left-large:1.92%;--awb-width-medium:100%;--awb-order-medium:0;--awb-spacing-right-medium:1.92%;--awb-spacing-left-medium:1.92%;--awb-width-small:100%;--awb-order-small:0;--awb-spacing-right-small:1.92%;--awb-spacing-left-small:1.92%;\"><div class=\"fusion-column-wrapper fusion-column-has-shadow fusion-flex-justify-content-center fusion-content-layout-row fusion-flex-align-items-center\"><div class=\"fusion-image-element \" style=\"text-align:center;\"><span class=\" fusion-imageframe imageframe-none imageframe-1 hover-type-none\" style=\"border-radius:16px;\"><img decoding=\"async\" width=\"730\" height=\"490\" title=\"cinque_terre_header_1_-tSa-730X490\" src=\"https:\/\/bitoviaggi.com\/wp-content\/uploads\/2023\/04\/cinque_terre_header_1_-tSa-730X490.png\" data-orig-src=\"http:\/\/bitoviaggi.com\/wp-content\/uploads\/2023\/04\/cinque_terre_header_1_-tSa-730X490.png\" alt class=\"lazyload img-responsive wp-image-3504\" srcset=\"data:image\/svg+xml,%3Csvg%20xmlns%3D%27http%3A%2F%2Fwww.w3.org%2F2000%2Fsvg%27%20width%3D%27730%27%20height%3D%27490%27%20viewBox%3D%270%200%20730%20490%27%3E%3Crect%20width%3D%27730%27%20height%3D%27490%27%20fill-opacity%3D%220%22%2F%3E%3C%2Fsvg%3E\" data-srcset=\"https:\/\/bitoviaggi.com\/wp-content\/uploads\/2023\/04\/cinque_terre_header_1_-tSa-730X490-200x134.png 200w, https:\/\/bitoviaggi.com\/wp-content\/uploads\/2023\/04\/cinque_terre_header_1_-tSa-730X490-400x268.png 400w, https:\/\/bitoviaggi.com\/wp-content\/uploads\/2023\/04\/cinque_terre_header_1_-tSa-730X490-600x403.png 600w\" data-sizes=\"auto\" data-orig-sizes=\"(max-width: 800px) 100vw, 730px\" \/><\/span><\/div><\/div><\/div><\/div><\/div><div class=\"fusion-fullwidth fullwidth-box fusion-builder-row-2 fusion-flex-container has-pattern-background has-mask-background nonhundred-percent-fullwidth non-hundred-percent-height-scrolling\" style=\"--awb-border-radius-top-left:0px;--awb-border-radius-top-right:0px;--awb-border-radius-bottom-right:0px;--awb-border-radius-bottom-left:0px;\" ><div class=\"fusion-builder-row fusion-row fusion-flex-align-items-flex-start fusion-flex-justify-content-center\" style=\"max-width:1414.4px;margin-left: calc(-4% \/ 2 );margin-right: calc(-4% \/ 2 );\"><div class=\"fusion-layout-column fusion_builder_column fusion-builder-column-1 fusion_builder_column_1_1 1_1 fusion-flex-column\" style=\"--awb-padding-top:40px;--awb-padding-right:80px;--awb-padding-left:80px;--awb-overflow:hidden;--awb-bg-color:hsla(var(--awb-custom_color_2-h),var(--awb-custom_color_2-s),var(--awb-custom_color_2-l),calc(var(--awb-custom_color_2-a) - 90%));--awb-bg-size:cover;--awb-border-radius:16px 16px 0px 0px;--awb-width-large:100%;--awb-spacing-right-large:1.92%;--awb-margin-bottom-large:0px;--awb-spacing-left-large:1.92%;--awb-width-medium:100%;--awb-order-medium:0;--awb-spacing-right-medium:1.92%;--awb-spacing-left-medium:1.92%;--awb-width-small:100%;--awb-order-small:0;--awb-spacing-right-small:1.92%;--awb-spacing-left-small:1.92%;\"><div class=\"fusion-column-wrapper fusion-column-has-shadow fusion-flex-justify-content-flex-start fusion-content-layout-column\"><div class=\"fusion-text fusion-text-1 fusion-text-no-margin\" style=\"--awb-content-alignment:left;--awb-font-size:20px;--awb-text-color:var(--awb-color8);--awb-margin-bottom:48px;\"><p><span style=\"font-weight: 400;\">Excursion d&rsquo;une journ\u00e9e enti\u00e8re consacr\u00e9e \u00e0 la d\u00e9couverte des anciens villages qui composent les Cinque Terres. D\u00e9clar\u00e9 patrimoine mondial de l&rsquo;Unesco, ce royaume de la nature et des senteurs sauvages forme l&rsquo;une des zones les plus pr\u00e9serv\u00e9es de la Ligurie. D\u00e9part en bateau pour Vernazza, ancien village de p\u00eacheurs avec des tours sarrasines, et continuation vers Monterosso al Mare, le centre touristique le plus important et le plus connu des Cinque Terres. D\u00e9jeuner dans un restaurant. Apr\u00e8s le d\u00e9jeuner la navigation continue vers Manarola, qui se trouve sur un \u00e9peron rocheux \u00e0 pic au-dessus de la mer ; possibilit\u00e9 de continuer vers Riomaggiore en train ou en bateau. Continuation vers Portovenere et visite panoramique de ce merveilleux village de p\u00eacheurs d&rsquo;origine probablement romaine. Retour \u00e0 l&rsquo;h\u00f4tel, d\u00eener et nuit. A\u2019 noter : en cas de mauvaises conditions m\u00e9t\u00e9orologiques, l&rsquo;excursion aux Cinque Terres pourrait se faire partiellement ou enti\u00e8rement en train.<\/span><\/p>\n<\/div><div class=\"fusion-separator fusion-full-width-sep\" style=\"align-self: center;margin-left: auto;margin-right: auto;width:100%;\"><div class=\"fusion-separator-border sep-single sep-dashed\" style=\"border-color:var(--awb-color3);border-top-width:1px;\"><\/div><\/div><\/div><\/div><div class=\"fusion-layout-column fusion_builder_column fusion-builder-column-2 fusion_builder_column_1_1 1_1 fusion-flex-column\" style=\"--awb-padding-top:40px;--awb-padding-right:80px;--awb-padding-left:80px;--awb-bg-color:hsla(var(--awb-custom_color_2-h),var(--awb-custom_color_2-s),var(--awb-custom_color_2-l),calc(var(--awb-custom_color_2-a) - 90%));--awb-bg-size:cover;--awb-width-large:100%;--awb-spacing-right-large:1.92%;--awb-margin-bottom-large:0px;--awb-spacing-left-large:1.92%;--awb-width-medium:100%;--awb-order-medium:0;--awb-spacing-right-medium:1.92%;--awb-spacing-left-medium:1.92%;--awb-width-small:100%;--awb-order-small:0;--awb-spacing-right-small:1.92%;--awb-spacing-left-small:1.92%;\"><div class=\"fusion-column-wrapper fusion-column-has-shadow fusion-flex-justify-content-flex-start fusion-content-layout-column\"><div class=\"fusion-separator fusion-full-width-sep\" style=\"align-self: center;margin-left: auto;margin-right: auto;width:100%;\"><div class=\"fusion-separator-border sep-single sep-dashed\" style=\"border-color:var(--awb-color3);border-top-width:1px;\"><\/div><\/div><\/div><\/div><\/div><\/div><div class=\"fusion-fullwidth fullwidth-box fusion-builder-row-3 fusion-flex-container has-pattern-background has-mask-background nonhundred-percent-fullwidth non-hundred-percent-height-scrolling\" style=\"--link_hover_color: var(--awb-color4);--link_color: var(--awb-color1);--awb-border-radius-top-left:0px;--awb-border-radius-top-right:0px;--awb-border-radius-bottom-right:0px;--awb-border-radius-bottom-left:0px;--awb-margin-top:100px;\" ><div class=\"fusion-builder-row fusion-row fusion-flex-align-items-flex-start fusion-flex-justify-content-center\" style=\"max-width:1414.4px;margin-left: calc(-4% \/ 2 );margin-right: calc(-4% \/ 2 );\"><div class=\"fusion-layout-column fusion_builder_column fusion-builder-column-3 fusion_builder_column_5_6 5_6 fusion-flex-column\" style=\"--awb-padding-top:60px;--awb-padding-right:40px;--awb-padding-bottom:80px;--awb-padding-left:40px;--awb-padding-right-small:40px;--awb-padding-left-small:40px;--awb-overflow:hidden;--awb-bg-color:hsla(calc(var(--awb-custom_color_1-h) - 2),calc(var(--awb-custom_color_1-s) - 20%),calc(var(--awb-custom_color_1-l) + 5%),var(--awb-custom_color_1-a));--awb-bg-size:cover;--awb-box-shadow:0px 5px 20px 5px hsla(var(--awb-color8-h),var(--awb-color8-s),var(--awb-color8-l),calc(var(--awb-color8-a) - 75%));;--awb-border-radius:12px 12px 12px 12px;--awb-width-large:83.333333333333%;--awb-margin-top-large:-60px;--awb-spacing-right-large:2.304%;--awb-margin-bottom-large:0px;--awb-spacing-left-large:2.304%;--awb-width-medium:83.333333333333%;--awb-order-medium:0;--awb-spacing-right-medium:2.304%;--awb-spacing-left-medium:2.304%;--awb-width-small:100%;--awb-order-small:0;--awb-spacing-right-small:1.92%;--awb-spacing-left-small:1.92%;\"><div class=\"fusion-column-wrapper lazyload fusion-column-has-shadow fusion-flex-justify-content-flex-start fusion-content-layout-column\" data-bg-url=\"http:\/\/bitoviaggi.com\/wp-content\/uploads\/2022\/06\/call-experts-bg-3.png\" data-bg=\"http:\/\/bitoviaggi.com\/wp-content\/uploads\/2022\/06\/call-experts-bg-3.png\"><div class=\"fusion-text fusion-text-2 fusion-text-no-margin\" style=\"--awb-content-alignment:center;--awb-font-size:38px;--awb-line-height:1.4;--awb-text-transform:capitalize;--awb-text-color:var(--awb-color1);--awb-margin-bottom:5px;\"><p>Vous souhaitez r\u00e9server une visite guid\u00e9e chez nous ?<\/p>\n<\/div><div class=\"fusion-title title fusion-title-1 fusion-sep-none fusion-title-center fusion-title-text fusion-title-size-three\" style=\"--awb-text-color:var(--awb-color1);\"><h3 class=\"title-heading-center\" style=\"margin:0;\"><span style=\"font-weight: 400;\">(+39) 0184 448294 <\/span> or <u><a href=\"https:\/\/bitoviaggi.com\/fr\/contact\/\">Prendre contact<\/a><\/u><\/h3><\/div><\/div><\/div><\/div><\/div><\/p>\n","protected":false},"excerpt":{"rendered":"","protected":false},"author":1,"featured_media":0,"parent":2959,"menu_order":0,"comment_status":"closed","ping_status":"closed","template":"100-width.php","meta":[],"_links":{"self":[{"href":"https:\/\/bitoviaggi.com\/fr\/wp-json\/wp\/v2\/pages\/2970"}],"collection":[{"href":"https:\/\/bitoviaggi.com\/fr\/wp-json\/wp\/v2\/pages"}],"about":[{"href":"https:\/\/bitoviaggi.com\/fr\/wp-json\/wp\/v2\/types\/page"}],"author":[{"embeddable":true,"href":"https:\/\/bitoviaggi.com\/fr\/wp-json\/wp\/v2\/users\/1"}],"replies":[{"embeddable":true,"href":"https:\/\/bitoviaggi.com\/fr\/wp-json\/wp\/v2\/comments?post=2970"}],"version-history":[{"count":8,"href":"https:\/\/bitoviaggi.com\/fr\/wp-json\/wp\/v2\/pages\/2970\/revisions"}],"predecessor-version":[{"id":4288,"href":"https:\/\/bitoviaggi.com\/fr\/wp-json\/wp\/v2\/pages\/2970\/revisions\/4288"}],"up":[{"embeddable":true,"href":"https:\/\/bitoviaggi.com\/fr\/wp-json\/wp\/v2\/pages\/2959"}],"wp:attachment":[{"href":"https:\/\/bitoviaggi.com\/fr\/wp-json\/wp\/v2\/media?parent=2970"}],"curies":[{"name":"wp","href":"https:\/\/api.w.org\/{rel}","templated":true}]}}